{"id":346,"date":"2018-07-28T16:07:17","date_gmt":"2018-07-28T16:07:17","guid":{"rendered":"http:\/\/manufacturer.stylemixthemes.com\/industrial:8888\/?page_id=346"},"modified":"2022-08-31T12:29:36","modified_gmt":"2022-08-31T12:29:36","slug":"about","status":"publish","type":"page","link":"https:\/\/samayalogistic.az\/ru\/about\/","title":{"rendered":"\u041e \u043a\u043e\u043c\u043f\u0430\u043d\u0438\u0438"},"content":{"rendered":"<div data-elementor-type=\"wp-post\" data-elementor-id=\"346\" class=\"elementor elementor-346\">\n\t\t\t\t\t\t\t\t\t<section class=\"elementor-section elementor-top-section elementor-element elementor-element-10b3474 elementor-section-boxed elementor-section-height-default elementor-section-height-default\" data-id=\"10b3474\" data-element_type=\"section\">\n\t\t\t\t\t\t<div class=\"elementor-container elementor-column-gap-default\">\n\t\t\t\t\t<div class=\"elementor-column elementor-col-100 elementor-top-column elementor-element elementor-element-988c61c elementor-invisible\" data-id=\"988c61c\" data-element_type=\"column\" data-settings=\"{&quot;animation&quot;:&quot;fadeIn&quot;,&quot;animation_delay&quot;:200}\">\n\t\t\t<div class=\"elementor-widget-wrap elementor-element-populated\">\n\t\t\t\t\t\t\t\t<div class=\"elementor-element elementor-element-7b75cff elementor-widget elementor-widget-heading\" data-id=\"7b75cff\" data-element_type=\"widget\" data-widget_type=\"heading.default\">\n\t\t\t\t<div class=\"elementor-widget-container\">\n\t\t\t<style>\/*! elementor - v3.7.2 - 21-08-2022 *\/\n.elementor-heading-title{padding:0;margin:0;line-height:1}.elementor-widget-heading .elementor-heading-title[class*=elementor-size-]>a{color:inherit;font-size:inherit;line-height:inherit}.elementor-widget-heading .elementor-heading-title.elementor-size-small{font-size:15px}.elementor-widget-heading .elementor-heading-title.elementor-size-medium{font-size:19px}.elementor-widget-heading .elementor-heading-title.elementor-size-large{font-size:29px}.elementor-widget-heading .elementor-heading-title.elementor-size-xl{font-size:39px}.elementor-widget-heading .elementor-heading-title.elementor-size-xxl{font-size:59px}<\/style><h2 class=\"elementor-heading-title elementor-size-default elementor-heading-title elementor-size-default elementor-align-after-left elementor-align-after-mobile-center elementor-align-after-tablet-left\"><span style=\"float: none\">Samaya Logistic<\/span><span style=\"float: none\"><\/span><\/h2>\t\t<\/div>\n\t\t\t\t<\/div>\n\t\t\t\t<div class=\"elementor-element elementor-element-9cdd897 elementor-widget elementor-widget-text-editor\" data-id=\"9cdd897\" data-element_type=\"widget\" data-widget_type=\"text-editor.default\">\n\t\t\t\t<div class=\"elementor-widget-container\">\n\t\t\t<style>\/*! elementor - v3.7.2 - 21-08-2022 *\/\n.elementor-widget-text-editor.elementor-drop-cap-view-stacked .elementor-drop-cap{background-color:#818a91;color:#fff}.elementor-widget-text-editor.elementor-drop-cap-view-framed .elementor-drop-cap{color:#818a91;border:3px solid;background-color:transparent}.elementor-widget-text-editor:not(.elementor-drop-cap-view-default) .elementor-drop-cap{margin-top:8px}.elementor-widget-text-editor:not(.elementor-drop-cap-view-default) .elementor-drop-cap-letter{width:1em;height:1em}.elementor-widget-text-editor .elementor-drop-cap{float:left;text-align:center;line-height:1;font-size:50px}.elementor-widget-text-editor .elementor-drop-cap-letter{display:inline-block}<\/style>\t\t\t\t<p>\u0412 \u043d\u0430\u0441\u0442\u043e\u044f\u0449\u0435\u0435 \u0432\u0440\u0435\u043c\u044f \u043d\u0430\u0448\u0430 \u043a\u043e\u043c\u043f\u0430\u043d\u0438\u044f \u0440\u0430\u0431\u043e\u0442\u0430\u0435\u0442 \u043d\u0430\u0434 \u0440\u0430\u0437\u043b\u0438\u0447\u043d\u044b\u043c\u0438 \u043f\u0440\u043e\u0435\u043a\u0442\u0430\u043c\u0438 \u0441 \u0446\u0435\u043b\u044c\u044e \u0440\u0430\u0441\u0448\u0438\u0440\u0435\u043d\u0438\u044f \u0441\u0443\u0434\u043e\u0445\u043e\u0434\u043d\u043e\u0439 \u0434\u0435\u044f\u0442\u0435\u043b\u044c\u043d\u043e\u0441\u0442\u0438 \u0438 \u0430\u043a\u0442\u0438\u0432\u043d\u043e\u0433\u043e \u0443\u0447\u0430\u0441\u0442\u0438\u044f \u0432 \u043c\u0435\u0436\u0434\u0443\u043d\u0430\u0440\u043e\u0434\u043d\u044b\u0445 \u043c\u043e\u0440\u0441\u043a\u0438\u0445 \u0433\u0440\u0443\u0437\u043e\u043f\u0435\u0440\u0435\u0432\u043e\u0437\u043a\u0430\u0445 \u043d\u0430 \u043e\u0441\u043d\u043e\u0432\u0435 \u0433\u043e\u0441\u0443\u0434\u0430\u0440\u0441\u0442\u0432\u0435\u043d\u043d\u044b\u0445 \u0437\u0430\u043a\u0430\u0437\u043e\u0432 \u0432 \u0431\u0443\u0434\u0443\u0449\u0435\u043c, \u043f\u043e\u044d\u0442\u043e\u043c\u0443 \u041e\u041e\u041e \u00ab\u0421\u0430\u043c\u0430\u0439\u0435 \u041a\u041e \u041b\u0422\u0414\u00bb \u043d\u0430\u043c\u0435\u0440\u0435\u043d\u043e \u0438 \u0434\u0430\u043b\u044c\u0448\u0435 \u0440\u0430\u0441\u0448\u0438\u0440\u044f\u0442\u044c \u0441\u0432\u043e\u044e \u043c\u0430\u0442\u0435\u0440\u0438\u0430\u043b\u044c\u043d\u043e-\u0442\u0435\u0445\u043d\u0438\u0447\u0435\u0441\u043a\u0443\u044e \u0431\u0430\u0437\u0443. \u0412 \u043d\u0430\u0441\u0442\u043e\u044f\u0449\u0435\u0435 \u0432\u0440\u0435\u043c\u044f \u043f\u0440\u043e\u0434\u043e\u043b\u0436\u0430\u044e\u0442\u0441\u044f \u0441\u0442\u0440\u043e\u0438\u0442\u0435\u043b\u044c\u043d\u043e-\u043c\u043e\u043d\u0442\u0430\u0436\u043d\u044b\u0435 \u0440\u0430\u0431\u043e\u0442\u044b \u0443 \u043f\u0440\u0438\u0447\u0430\u043b\u0430 \u0441\u0443\u0434\u043e\u0432 \u0432 \u043d\u0430\u043f\u0440\u0430\u0432\u043b\u0435\u043d\u0438\u0438 \u0440\u0430\u0441\u0448\u0438\u0440\u0435\u043d\u0438\u044f \u043f\u043e\u0440\u0442\u0430. \u0412 \u0431\u043b\u0438\u0436\u0430\u0439\u0448\u0435\u0435 \u0432\u0440\u0435\u043c\u044f \u043e\u0436\u0438\u0434\u0430\u0435\u0442\u0441\u044f, \u0447\u0442\u043e \u043f\u043e\u0440\u0442 \u0437\u0430\u0440\u0430\u0431\u043e\u0442\u0430\u0435\u0442 \u043d\u0430 \u043f\u043e\u043b\u043d\u0443\u044e \u043c\u043e\u0449\u043d\u043e\u0441\u0442\u044c. \u0414\u043b\u044f \u044d\u0442\u043e\u0433\u043e \u041e\u041e\u041e \u00ab\u0421\u0430\u043c\u0430\u044f \u041a\u041e \u041b\u0422\u0414\u00bb \u0437\u0430\u0438\u043d\u0442\u0435\u0440\u0435\u0441\u043e\u0432\u0430\u043d\u043e \u0432 \u043f\u0440\u0438\u043e\u0431\u0440\u0435\u0442\u0435\u043d\u0438\u0438 \u043d\u043e\u0432\u044b\u0445 \u0441\u0443\u0445\u043e\u0433\u0440\u0443\u0437\u043e\u0432, \u0442\u0430\u043d\u043a\u0435\u0440\u043e\u0432 \u0438 \u0441\u0443\u0434\u043e\u0432 \u0442\u0438\u043f\u0430 RO-RO.<\/p><p>\u00a0 \u00a0 \u0412 \u043d\u0430\u0441\u0442\u043e\u044f\u0449\u0435\u0435 \u0432\u0440\u0435\u043c\u044f \u043d\u0430 \u0442\u0435\u0440\u0440\u0438\u0442\u043e\u0440\u0438\u0438 \u041f\u043e\u0440\u0442\u0430 \u043f\u0440\u043e\u0434\u043e\u043b\u0436\u0430\u044e\u0442\u0441\u044f \u043f\u043e\u0434\u0433\u043e\u0442\u043e\u0432\u0438\u0442\u0435\u043b\u044c\u043d\u044b\u0435 \u0440\u0430\u0431\u043e\u0442\u044b \u043f\u043e \u0441\u0442\u0440\u043e\u0438\u0442\u0435\u043b\u044c\u0441\u0442\u0432\u0443 \u0441\u043e\u0432\u0440\u0435\u043c\u0435\u043d\u043d\u043e\u0433\u043e \u0437\u0434\u0430\u043d\u0438\u044f \u0433\u043e\u0441\u0442\u0438\u043d\u0438\u0446\u044b \u0434\u043b\u044f \u043e\u0431\u0435\u0441\u043f\u0435\u0447\u0435\u043d\u0438\u044f \u043e\u0442\u0434\u044b\u0445\u0430 \u0433\u043e\u0441\u0442\u0435\u0439, \u043f\u043e\u043b\u044c\u0437\u043e\u0432\u0430\u0442\u0435\u043b\u0435\u0439 \u0438 \u044d\u043a\u0438\u043f\u0430\u0436\u0435\u0439 \u0441\u0443\u0434\u043e\u0432, \u043f\u0440\u0438\u0431\u044b\u0432\u0430\u044e\u0449\u0438\u0445 \u0432 \u041f\u043e\u0440\u0442.<\/p><p>\u00a0 \u00a0 \u00a0\u0418\u043d\u0444\u0440\u0430\u0441\u0442\u0440\u0443\u043a\u0442\u0443\u0440\u0430 \u043f\u043e\u0440\u0442\u0430 \u0432\u043a\u043b\u044e\u0447\u0430\u0435\u0442 170-\u043c\u0435\u0442\u0440\u043e\u0432\u044b\u0435 \u0442\u0440\u0435\u0445\u0440\u0430\u0437\u0432\u0435\u0442\u0432\u043b\u0435\u043d\u043d\u044b\u0435 \u043f\u0440\u0438\u0447\u0430\u043b\u044c\u043d\u044b\u0435 \u043c\u043e\u0441\u0442\u044b, \u0434\u0432\u0443\u0445\u044d\u0442\u0430\u0436\u043d\u043e\u0435 \u0430\u0434\u043c\u0438\u043d\u0438\u0441\u0442\u0440\u0430\u0442\u0438\u0432\u043d\u043e\u0435 \u0437\u0434\u0430\u043d\u0438\u0435, \u043e\u0441\u043d\u0430\u0449\u0435\u043d\u043d\u043e\u0435 \u043d\u0435\u043e\u0431\u0445\u043e\u0434\u0438\u043c\u044b\u043c \u043e\u0431\u043e\u0440\u0443\u0434\u043e\u0432\u0430\u043d\u0438\u0435\u043c, \u0437\u0430\u043a\u0440\u044b\u0442\u044b\u0439 \u0441\u043a\u043b\u0430\u0434 \u043f\u043b\u043e\u0449\u0430\u0434\u044c\u044e 5800 \u043c2, \u043e\u0442\u043a\u0440\u044b\u0442\u0443\u044e \u043a\u043e\u043d\u0442\u0435\u0439\u043d\u0435\u0440\u043d\u0443\u044e \u043f\u043b\u043e\u0449\u0430\u0434\u043a\u0443 \u043f\u043b\u043e\u0449\u0430\u0434\u044c\u044e 3 \u0433\u0430, \u0441\u0438\u0441\u0442\u0435\u043c\u044b \u0431\u0435\u0437\u043e\u043f\u0430\u0441\u043d\u043e\u0441\u0442\u0438, \u0441\u043e\u0432\u0440\u0435\u043c\u0435\u043d\u043d\u0430\u044f \u0442\u0435\u0445\u043d\u0438\u043a\u0430, \u0432\u043c\u0435\u0441\u0442\u0438\u0442\u0435\u043b\u044c\u043d\u044b\u0435 \u0440\u0435\u0437\u0435\u0440\u0432\u0443\u0430\u0440\u044b \u0434\u043b\u044f \u0445\u0440\u0430\u043d\u0435\u043d\u0438\u044f \u0442\u043e\u043f\u043b\u0438\u0432\u0430.<\/p><p>\u00a0 \u00a0 \u0412 \u043d\u0430\u0441\u0442\u043e\u044f\u0449\u0435\u0435 \u0432\u0440\u0435\u043c\u044f \u043d\u0430 \u0431\u0430\u043b\u0430\u043d\u0441\u0435 \u0413\u041c\u041a \u043d\u0430\u0445\u043e\u0434\u0438\u0442\u0441\u044f 3000, 2000-\u0442\u043e\u043d\u043d\u044b\u0445 \u043d\u0435\u0444\u0442\u0435\u043d\u0430\u043b\u0438\u0432\u043d\u044b\u0445 \u0441\u0443\u0434\u043e\u0432, 2500-\u0442\u043e\u043d\u043d\u044b\u0445 \u0441\u0443\u0445\u043e\u0433\u0440\u0443\u0437\u043e\u0432 \u0438 \u0434\u0440\u0443\u0433\u0438\u0445 \u0441\u0443\u0434\u043e\u0432 \u0441\u043f\u0435\u0446\u0438\u0430\u043b\u044c\u043d\u043e\u0433\u043e \u043d\u0430\u0437\u043d\u0430\u0447\u0435\u043d\u0438\u044f. \u0412 \u0441\u0432\u044f\u0437\u0438 \u0441 \u043e\u0442\u0441\u0443\u0442\u0441\u0442\u0432\u0438\u0435\u043c \u0437\u0430\u043a\u0430\u0437\u043e\u0432 \u043d\u0430 \u043f\u0435\u0440\u0435\u0432\u043e\u0437\u043a\u0443 \u0433\u0440\u0443\u0437\u043e\u0432 \u0441\u0443\u0434\u0430 \u043f\u0435\u0440\u0435\u0434\u0430\u043d\u044b \u0432 \u0430\u0440\u0435\u043d\u0434\u0443 \u044e\u0440\u0438\u0434\u0438\u0447\u0435\u0441\u043a\u0438\u043c \u043b\u0438\u0446\u0430\u043c. \u041e\u0431\u0449\u0438\u0439 \u0434\u043e\u0445\u043e\u0434 \u043a\u043e\u043c\u043f\u0430\u043d\u0438\u0438 \u0441\u043e\u0441\u0442\u043e\u0438\u0442 \u0438\u0437 \u0430\u0440\u0435\u043d\u0434\u043d\u043e\u0439 \u043f\u043b\u0430\u0442\u044b \u0437\u0430 \u0437\u0430\u0444\u0440\u0430\u0445\u0442\u043e\u0432\u0430\u043d\u043d\u044b\u0435 \u0441\u0443\u0434\u0430 \u0438 \u0441\u0440\u0435\u0434\u0441\u0442\u0432, \u0443\u043f\u043b\u0430\u0447\u0435\u043d\u043d\u044b\u0445 \u0443\u0447\u0440\u0435\u0434\u0438\u0442\u0435\u043b\u0435\u043c. \u0412 2013 \u0433\u043e\u0434\u0443 \u041e\u041e\u041e \u00abSamaya CO LTD\u00bb \u043f\u043e\u0441\u0442\u0440\u043e\u0438\u043b\u043e \u00ab\u041c\u043e\u0440\u0441\u043a\u043e\u0439 \u043f\u043e\u0440\u0442\u00bb (\u0421\u0443\u0434\u043e\u0432\u043e\u0439 \u043f\u0440\u0438\u0447\u0430\u043b) \u043f\u043e \u043f\u0440\u043e\u0435\u043a\u0442\u0443 \u041f\u0440\u043e\u0435\u043a\u0442\u043d\u043e\u0433\u043e \u0438\u043d\u0441\u0442\u0438\u0442\u0443\u0442\u0430, \u043e\u0442\u0432\u0435\u0447\u0430\u044e\u0449\u0435\u0433\u043e \u0441\u043e\u0432\u0440\u0435\u043c\u0435\u043d\u043d\u044b\u043c \u0442\u0440\u0435\u0431\u043e\u0432\u0430\u043d\u0438\u044f\u043c, \u043d\u0430 \u0437\u0430\u043a\u0440\u0435\u043f\u043b\u0435\u043d\u043d\u043e\u043c \u0437\u0430 \u043d\u0438\u043c \u0443\u0447\u0430\u0441\u0442\u043a\u0435 \u043f\u043b\u043e\u0449\u0430\u0434\u044c\u044e 8 \u0433\u0430 \u043d\u0430 \u0442\u0435\u0440\u0440\u0438\u0442\u043e\u0440\u0438\u0438 \u0413\u0430\u0440\u0430\u0434\u0430\u0433\u0441\u043a\u043e\u0433\u043e \u0440\u0430\u0439\u043e\u043d\u0430 \u0433\u043e\u0440\u043e\u0434\u0430 \u0411\u0430\u043a\u0443, \u0438 \u041f\u043e\u0440\u0442 \u0431\u044b\u043b \u043e\u0431\u0435\u0441\u043f\u0435\u0447\u0435\u043d \u0432\u0441\u0435\u0439 \u0438\u043d\u0444\u0440\u0430\u0441\u0442\u0440\u0443\u043a\u0442\u0443\u0440\u043e\u0439, \u0438 \u043f\u043e\u0440\u0442 \u0431\u044b\u043b \u043e\u0442\u043a\u0440\u044b\u0442 \u0432 2014 \u0433\u043e\u0434\u0443. \u0431\u044b\u043b \u043e\u0444\u0438\u0446\u0438\u0430\u043b\u044c\u043d\u043e \u0437\u0430\u0440\u0435\u0433\u0438\u0441\u0442\u0440\u0438\u0440\u043e\u0432\u0430\u043d \u041c\u043e\u0440\u0441\u043a\u043e\u0439 \u0410\u0434\u043c\u0438\u043d\u0438\u0441\u0442\u0440\u0430\u0446\u0438\u0435\u0439 \u0410\u0437\u0435\u0440\u0431\u0430\u0439\u0434\u0436\u0430\u043d\u0441\u043a\u043e\u0439 \u0420\u0435\u0441\u043f\u0443\u0431\u043b\u0438\u043a\u0438 \u0438 \u0437\u0430\u0440\u0435\u0433\u0438\u0441\u0442\u0440\u0438\u0440\u043e\u0432\u0430\u043d \u043a\u0430\u043a \u00ab\u041f\u043e\u0440\u0442 \u0411\u0443\u0442\u0430\u00bb \u041e\u041e\u041e \u00abSamaya CO LTD\u00bb \u0438 \u043f\u043e\u043b\u0443\u0447\u0438\u043b \u043e\u0444\u0438\u0446\u0438\u0430\u043b\u044c\u043d\u044b\u0439 \u0441\u0435\u0440\u0442\u0438\u0444\u0438\u043a\u0430\u0442.<\/p><p>\u00a0 \u00a0 \u041e\u041e\u041e \u00abSamaya CO LTD\u00bb \u0431\u044b\u043b\u043e \u043e\u0441\u043d\u043e\u0432\u0430\u043d\u043e \u0432 \u0411\u0430\u043a\u0443 \u0432 2003 \u0433\u043e\u0434\u0443 \u0438 \u043e\u0444\u0438\u0446\u0438\u0430\u043b\u044c\u043d\u043e \u0437\u0430\u0440\u0435\u0433\u0438\u0441\u0442\u0440\u0438\u0440\u043e\u0432\u0430\u043d\u043e \u041c\u0438\u043d\u0438\u0441\u0442\u0435\u0440\u0441\u0442\u0432\u043e\u043c \u044e\u0441\u0442\u0438\u0446\u0438\u0438 \u0420\u0435\u0441\u043f\u0443\u0431\u043b\u0438\u043a\u0438. \u041e\u041e\u041e \u00ab\u0421\u0430\u043c\u0430\u0439\u0435 \u041a\u041e \u041b\u0422\u0414\u00bb \u0440\u0430\u0441\u0448\u0438\u0440\u0438\u043b\u043e \u0441\u0432\u043e\u044e \u043c\u0430\u0442\u0435\u0440\u0438\u0430\u043b\u044c\u043d\u043e-\u0442\u0435\u0445\u043d\u0438\u0447\u0435\u0441\u043a\u0443\u044e \u0431\u0430\u0437\u0443 \u0441 \u0446\u0435\u043b\u044c\u044e \u0443\u0432\u0435\u043b\u0438\u0447\u0435\u043d\u0438\u044f \u043c\u0430\u0441\u0448\u0442\u0430\u0431\u043e\u0432 \u0434\u0435\u044f\u0442\u0435\u043b\u044c\u043d\u043e\u0441\u0442\u0438 \u0432 \u0441\u043e\u043e\u0442\u0432\u0435\u0442\u0441\u0442\u0432\u0438\u0438 \u0441 \u0423\u0441\u0442\u0430\u0432\u043e\u043c \u041e\u041e\u041e, \u043f\u0440\u0438\u043e\u0431\u0440\u0435\u043b\u043e \u0441\u0443\u0445\u043e\u0433\u0440\u0443\u0437\u044b, \u043e\u0442\u0432\u0435\u0447\u0430\u044e\u0449\u0438\u0435 \u0441\u043e\u0432\u0440\u0435\u043c\u0435\u043d\u043d\u044b\u043c \u0442\u0440\u0435\u0431\u043e\u0432\u0430\u043d\u0438\u044f\u043c, \u0442\u0430\u043d\u043a\u0435\u0440\u044b, \u043f\u0435\u0440\u0435\u0432\u043e\u0437\u044f\u0449\u0438\u0435 \u043d\u0435\u0444\u0442\u0435\u043f\u0440\u043e\u0434\u0443\u043a\u0442\u044b, \u0438 \u0431\u044b\u043b\u043e \u0441\u0444\u043e\u0440\u043c\u0438\u0440\u043e\u0432\u0430\u043d\u043e \u043a\u0430\u043a \u0441\u0443\u0434\u043e\u0445\u043e\u0434\u043d\u0430\u044f \u043a\u043e\u043c\u043f\u0430\u043d\u0438\u044f \u0441 2012 \u0433\u043e\u0434\u0430, \u043f\u043e\u043a\u0443\u043f\u0430\u044f \u043d\u0435\u0431\u043e\u043b\u044c\u0448\u0438\u0435 \u0441\u0443\u0434\u0430. \u0412 \u043d\u0430\u0441\u0442\u043e\u044f\u0449\u0435\u0435 \u0432\u0440\u0435\u043c\u044f \u0440\u0430\u0431\u043e\u0442\u0430\u0435\u0442 \u043a\u0430\u043a \u0438\u0437\u0432\u0435\u0441\u0442\u043d\u0430\u044f \u0432 \u0440\u0435\u0441\u043f\u0443\u0431\u043b\u0438\u043a\u0435 \u0441\u0443\u0434\u043e\u0445\u043e\u0434\u043d\u0430\u044f \u043a\u043e\u043c\u043f\u0430\u043d\u0438\u044f.\u041d\u0430\u0448\u0430 \u043a\u043e\u043c\u043f\u0430\u043d\u0438\u044f \u043f\u0440\u043e\u0434\u043e\u043b\u0436\u0438\u0442 \u0440\u0430\u0431\u043e\u0442\u0443 \u043d\u0430 \u043e\u0441\u043d\u043e\u0432\u0430\u043d\u0438\u0438 \u0437\u0430\u043a\u0430\u0437\u043e\u0432 \u043e\u0442 \u0433\u043e\u0441\u0443\u0434\u0430\u0440\u0441\u0442\u0432\u0430, \u044e\u0440\u0438\u0434\u0438\u0447\u0435\u0441\u043a\u0438\u0445 \u0438 \u0444\u0438\u0437\u0438\u0447\u0435\u0441\u043a\u0438\u0445 \u043b\u0438\u0446 \u043f\u043e\u0441\u043b\u0435 \u0432\u044b\u0445\u043e\u0434\u0430 \u043d\u0430 \u043f\u043e\u043b\u043d\u0443\u044e \u043c\u043e\u0449\u043d\u043e\u0441\u0442\u044c.<\/p>\t\t\t\t\t\t<\/div>\n\t\t\t\t<\/div>\n\t\t\t\t\t<\/div>\n\t\t<\/div>\n\t\t\t\t\t\t\t<\/div>\n\t\t<\/section>\n\t\t\t\t<section class=\"elementor-section elementor-top-section elementor-element elementor-element-2ded6f6 elementor-section-boxed elementor-section-height-default elementor-section-height-default elementor-invisible\" data-id=\"2ded6f6\" data-element_type=\"section\" data-settings=\"{&quot;animation&quot;:&quot;fadeIn&quot;}\">\n\t\t\t\t\t\t<div class=\"elementor-container elementor-column-gap-default\">\n\t\t\t\t\t<div class=\"elementor-column elementor-col-100 elementor-top-column elementor-element elementor-element-0d69e39\" data-id=\"0d69e39\" data-element_type=\"column\">\n\t\t\t<div class=\"elementor-widget-wrap elementor-element-populated\">\n\t\t\t\t\t\t\t\t<div class=\"elementor-element elementor-element-60a741a elementor-widget elementor-widget-sm-timeline\" data-id=\"60a741a\" data-element_type=\"widget\" data-widget_type=\"sm-timeline.default\">\n\t\t\t\t<div class=\"elementor-widget-container\">\n\t\t\t\t\n\t\t\n\t<div class=\"man_timeline\">\n\t\t<div class=\"man_timeline_line\"><\/div>\n\t\t<div class=\"man_timeline_carousel owl-carousel\">\n\t\t\t\t\t\t<div class=\"man_timeline_item\">\n\t\t\t\t<div class=\"man_timeline_pin odd\">\n\t\t\t\t\t<span class=\"man_timeline_point\"><\/span>\n\t\t\t\t\t<span class=\"man_timeline_point_border\"><\/span>\n\t\t\t\t\t<div class=\"man_timeline_pin_title\">\n\t\t\t\t\t\t2003\t\t\t\t\t<\/div>\n\t\t\t\t\t<div class=\"man_timeline_pin_cont\">\n\t\t\t\t\t\t\n\n\t\t\t\t\t\t\t\t\t\t\t\t\t<div class=\"man_timeline_pin_cont_corner\">\n\t\t\t\t\t\t\t\t<svg\n\t\t\t\t\t\t\t\t  xmlns='http:\/\/www.w3.org\/2000\/svg'\n\t\t\t\t\t\t\t\t  viewbox='0 0 64 64'\n\t\t\t\t\t\t\t\t  width='64' height='64'\n\t\t\t\t\t\t\t\t  fill='currentcolor'>\n\t\t\t\t\t\t\t\t  <path d='M0 16 L10 16 L0 0 Z' \/>\n\t\t\t\t\t\t\t\t<\/svg>\n\t\t\t\t\t\t\t<\/div>\n\t\t\t\t\t\t\t\t\t\t\t\t\t\n\t\t\t\t\t\t\n\t\t\t\t\t\t<p>\u041e\u0441\u043d\u043e\u0432\u0430\u043d\u0430 \u043a\u043e\u043c\u043f\u0430\u043d\u0438\u044f Samaya CO LTD.<\/p>\t\t\t\t\t<\/div>\n\t\t\t\t<\/div>\n\t\t\t<\/div>\n\t\t\t\t\t\t<div class=\"man_timeline_item\">\n\t\t\t\t<div class=\"man_timeline_pin even\">\n\t\t\t\t\t<span class=\"man_timeline_point\"><\/span>\n\t\t\t\t\t<span class=\"man_timeline_point_border\"><\/span>\n\t\t\t\t\t<div class=\"man_timeline_pin_title\">\n\t\t\t\t\t\t2012\t\t\t\t\t<\/div>\n\t\t\t\t\t<div class=\"man_timeline_pin_cont\">\n\t\t\t\t\t\t\n\n\t\t\t\t\t\t\t\t\t\t\t\t\t<div class=\"man_timeline_pin_cont_corner man_timeline_pin_cont_corner_even\">\n\t\t\t\t\t\t\t\t<svg\n\t\t\t\t\t\t\t\t  xmlns='http:\/\/www.w3.org\/2000\/svg'\n\t\t\t\t\t\t\t\t  viewbox='0 0 64 64'\n\t\t\t\t\t\t\t\t  width='64' height='64'\n\t\t\t\t\t\t\t\t  fill='currentcolor'>\n\t\t\t\t\t\t\t\t  <path d='M0 16 L10 0 L0 0 L0 8 Z' \/>\n\t\t\t\t\t\t\t\t<\/svg>\n\t\t\t\t\t\t\t<\/div>\n\t\t\t\t\t\t\t\t\t\t\t\t\t\n\t\t\t\t\t\t\n\t\t\t\t\t\t<p>\u0411\u044b\u043b\u0430 \u0441\u043e\u0437\u0434\u0430\u043d\u0430 \u043a\u0430\u043a \u0441\u0443\u0434\u043e\u0445\u043e\u0434\u043d\u0430\u044f \u043a\u043e\u043c\u043f\u0430\u043d\u0438\u044f.<\/p>\t\t\t\t\t<\/div>\n\t\t\t\t<\/div>\n\t\t\t<\/div>\n\t\t\t\t\t\t<div class=\"man_timeline_item\">\n\t\t\t\t<div class=\"man_timeline_pin odd\">\n\t\t\t\t\t<span class=\"man_timeline_point\"><\/span>\n\t\t\t\t\t<span class=\"man_timeline_point_border\"><\/span>\n\t\t\t\t\t<div class=\"man_timeline_pin_title\">\n\t\t\t\t\t\t2013\t\t\t\t\t<\/div>\n\t\t\t\t\t<div class=\"man_timeline_pin_cont\">\n\t\t\t\t\t\t\n\n\t\t\t\t\t\t\t\t\t\t\t\t\t<div class=\"man_timeline_pin_cont_corner\">\n\t\t\t\t\t\t\t\t<svg\n\t\t\t\t\t\t\t\t  xmlns='http:\/\/www.w3.org\/2000\/svg'\n\t\t\t\t\t\t\t\t  viewbox='0 0 64 64'\n\t\t\t\t\t\t\t\t  width='64' height='64'\n\t\t\t\t\t\t\t\t  fill='currentcolor'>\n\t\t\t\t\t\t\t\t  <path d='M0 16 L10 16 L0 0 Z' \/>\n\t\t\t\t\t\t\t\t<\/svg>\n\t\t\t\t\t\t\t<\/div>\n\t\t\t\t\t\t\t\t\t\t\t\t\t\n\t\t\t\t\t\t\n\t\t\t\t\t\t<p>\u0411\u044b\u043b \u043f\u043e\u0441\u0442\u0440\u043e\u0435\u043d \u043c\u043e\u0440\u0441\u043a\u043e\u0439 \u043f\u043e\u0440\u0442.<\/p>\t\t\t\t\t<\/div>\n\t\t\t\t<\/div>\n\t\t\t<\/div>\n\t\t\t\t\t\t<div class=\"man_timeline_item\">\n\t\t\t\t<div class=\"man_timeline_pin even\">\n\t\t\t\t\t<span class=\"man_timeline_point\"><\/span>\n\t\t\t\t\t<span class=\"man_timeline_point_border\"><\/span>\n\t\t\t\t\t<div class=\"man_timeline_pin_title\">\n\t\t\t\t\t\t2014\t\t\t\t\t<\/div>\n\t\t\t\t\t<div class=\"man_timeline_pin_cont\">\n\t\t\t\t\t\t\n\n\t\t\t\t\t\t\t\t\t\t\t\t\t<div class=\"man_timeline_pin_cont_corner man_timeline_pin_cont_corner_even\">\n\t\t\t\t\t\t\t\t<svg\n\t\t\t\t\t\t\t\t  xmlns='http:\/\/www.w3.org\/2000\/svg'\n\t\t\t\t\t\t\t\t  viewbox='0 0 64 64'\n\t\t\t\t\t\t\t\t  width='64' height='64'\n\t\t\t\t\t\t\t\t  fill='currentcolor'>\n\t\t\t\t\t\t\t\t  <path d='M0 16 L10 0 L0 0 L0 8 Z' \/>\n\t\t\t\t\t\t\t\t<\/svg>\n\t\t\t\t\t\t\t<\/div>\n\t\t\t\t\t\t\t\t\t\t\t\t\t\n\t\t\t\t\t\t\n\t\t\t\t\t\t<p>\"Buta Liman\u0131\" r\u0259smi sertifikatla t\u0259rtif edilmi\u015fdir<\/p>\t\t\t\t\t<\/div>\n\t\t\t\t<\/div>\n\t\t\t<\/div>\n\t\t\t\t\t\t<div class=\"man_timeline_item\">\n\t\t\t\t<div class=\"man_timeline_pin odd\">\n\t\t\t\t\t<span class=\"man_timeline_point\"><\/span>\n\t\t\t\t\t<span class=\"man_timeline_point_border\"><\/span>\n\t\t\t\t\t<div class=\"man_timeline_pin_title\">\n\t\t\t\t\t\t2020\t\t\t\t\t<\/div>\n\t\t\t\t\t<div class=\"man_timeline_pin_cont\">\n\t\t\t\t\t\t\n\n\t\t\t\t\t\t\t\t\t\t\t\t\t<div class=\"man_timeline_pin_cont_corner\">\n\t\t\t\t\t\t\t\t<svg\n\t\t\t\t\t\t\t\t  xmlns='http:\/\/www.w3.org\/2000\/svg'\n\t\t\t\t\t\t\t\t  viewbox='0 0 64 64'\n\t\t\t\t\t\t\t\t  width='64' height='64'\n\t\t\t\t\t\t\t\t  fill='currentcolor'>\n\t\t\t\t\t\t\t\t  <path d='M0 16 L10 16 L0 0 Z' \/>\n\t\t\t\t\t\t\t\t<\/svg>\n\t\t\t\t\t\t\t<\/div>\n\t\t\t\t\t\t\t\t\t\t\t\t\t\n\t\t\t\t\t\t\n\t\t\t\t\t\t<p>\u0421\u043e\u0437\u0434\u0430\u043d \u043e\u0442\u0434\u0435\u043b \u043b\u043e\u0433\u0438\u0441\u0442\u0438\u043a\u0438<\/p>\t\t\t\t\t<\/div>\n\t\t\t\t<\/div>\n\t\t\t<\/div>\n\t\t\t\t\t<\/div>\n\t<\/div>\n\n\t\t\t<\/div>\n\t\t\t\t<\/div>\n\t\t\t\t\t<\/div>\n\t\t<\/div>\n\t\t\t\t\t\t\t<\/div>\n\t\t<\/section>\n\t\t\t\t\t\t\t<\/div>","protected":false},"excerpt":{"rendered":"<p>Samaya Logistic Haz\u0131rda \u015firk\u0259timiz G\u0259mi\u00e7ilik f\u0259aliyy\u0259tini geni\u015fl\u0259ndirm\u0259k v\u0259 g\u0259l\u0259c\u0259kd\u0259 d\u00f6vl\u0259t sifari\u015fi \u0259sas\u0131nda\u00a0 Beyn\u0259lxalq D\u0259niz Y\u00fck da\u015f\u0131malar\u0131nda f\u0259al i\u015ftirak&#8230;<\/p>","protected":false},"author":1,"featured_media":0,"parent":0,"menu_order":0,"comment_status":"closed","ping_status":"closed","template":"elementor_header_footer","meta":{"footnotes":""},"class_list":["post-346","page","type-page","status-publish","hentry"],"_links":{"self":[{"href":"https:\/\/samayalogistic.az\/ru\/wp-json\/wp\/v2\/pages\/346","targetHints":{"allow":["GET"]}}],"collection":[{"href":"https:\/\/samayalogistic.az\/ru\/wp-json\/wp\/v2\/pages"}],"about":[{"href":"https:\/\/samayalogistic.az\/ru\/wp-json\/wp\/v2\/types\/page"}],"author":[{"embeddable":true,"href":"https:\/\/samayalogistic.az\/ru\/wp-json\/wp\/v2\/users\/1"}],"replies":[{"embeddable":true,"href":"https:\/\/samayalogistic.az\/ru\/wp-json\/wp\/v2\/comments?post=346"}],"version-history":[{"count":10,"href":"https:\/\/samayalogistic.az\/ru\/wp-json\/wp\/v2\/pages\/346\/revisions"}],"predecessor-version":[{"id":2933,"href":"https:\/\/samayalogistic.az\/ru\/wp-json\/wp\/v2\/pages\/346\/revisions\/2933"}],"wp:attachment":[{"href":"https:\/\/samayalogistic.az\/ru\/wp-json\/wp\/v2\/media?parent=346"}],"curies":[{"name":"wp","href":"https:\/\/api.w.org\/{rel}","templated":true}]}}